{"id":3355,"date":"2026-04-09T16:06:45","date_gmt":"2026-04-09T13:06:45","guid":{"rendered":"https:\/\/test.sampionbudva.me\/urun\/fiji-15gb-30-days\/"},"modified":"2026-04-10T19:31:21","modified_gmt":"2026-04-10T16:31:21","slug":"fiji-15gb-30-days","status":"publish","type":"product","link":"https:\/\/test.sampionbudva.me\/sr\/esim\/fiji-15gb-30-days\/","title":{"rendered":"Fiji 15GB 30 Days"},"content":{"rendered":"<p>Internet i shpejt\u00eb eSIM p\u00ebr {category_name}. Aktivizim i menj\u00ebhersh\u00ebm dhe p\u00ebrdorim i leht\u00eb.<\/p>","protected":false},"excerpt":{"rendered":"<p>Internet i shpejt\u00eb eSIM p\u00ebr {category_name}. Aktivizim i menj\u00ebhersh\u00ebm dhe p\u00ebrdorim i leht\u00eb.<\/p>","protected":false},"featured_media":3349,"comment_status":"open","ping_status":"closed","template":"","meta":{"_acf_changed":false,"_angie_page":false,"_monsterinsights_skip_tracking":false,"_monsterinsights_sitenote_active":false,"_monsterinsights_sitenote_note":"","_monsterinsights_sitenote_category":0},"product_brand":[203],"product_cat":[151],"product_tag":[],"class_list":{"0":"post-3355","1":"product","2":"type-product","3":"status-publish","4":"has-post-thumbnail","6":"product_brand-dataflyesim","7":"product_cat-fiji","9":"first","10":"instock","11":"downloadable","12":"virtual","13":"purchasable","14":"product-type-simple"},"acf":[],"aioseo_notices":[],"_links":{"self":[{"href":"https:\/\/test.sampionbudva.me\/sr\/wp-json\/wp\/v2\/product\/3355","targetHints":{"allow":["GET"]}}],"collection":[{"href":"https:\/\/test.sampionbudva.me\/sr\/wp-json\/wp\/v2\/product"}],"about":[{"href":"https:\/\/test.sampionbudva.me\/sr\/wp-json\/wp\/v2\/types\/product"}],"replies":[{"embeddable":true,"href":"https:\/\/test.sampionbudva.me\/sr\/wp-json\/wp\/v2\/comments?post=3355"}],"wp:featuredmedia":[{"embeddable":true,"href":"https:\/\/test.sampionbudva.me\/sr\/wp-json\/wp\/v2\/media\/3349"}],"wp:attachment":[{"href":"https:\/\/test.sampionbudva.me\/sr\/wp-json\/wp\/v2\/media?parent=3355"}],"wp:term":[{"taxonomy":"product_brand","embeddable":true,"href":"https:\/\/test.sampionbudva.me\/sr\/wp-json\/wp\/v2\/product_brand?post=3355"},{"taxonomy":"product_cat","embeddable":true,"href":"https:\/\/test.sampionbudva.me\/sr\/wp-json\/wp\/v2\/product_cat?post=3355"},{"taxonomy":"product_tag","embeddable":true,"href":"https:\/\/test.sampionbudva.me\/sr\/wp-json\/wp\/v2\/product_tag?post=3355"}],"curies":[{"name":"wp","href":"https:\/\/api.w.org\/{rel}","templated":true}]}}