{"id":2948,"date":"2026-04-09T16:06:25","date_gmt":"2026-04-09T13:06:25","guid":{"rendered":"https:\/\/test.sampionbudva.me\/urun\/balkans\/"},"modified":"2026-04-11T03:11:34","modified_gmt":"2026-04-11T00:11:34","slug":"balkans","status":"publish","type":"product","link":"https:\/\/test.sampionbudva.me\/sr\/esim\/balkans\/","title":{"rendered":"Balkans"},"content":{"rendered":"<p>P\u00ebrdorni paketa eSIM p\u00ebr {category_name} dhe shijoni internet t\u00eb shpejt\u00eb dhe t\u00eb besuesh\u00ebm pa nevoj\u00eb p\u00ebr kart\u00eb fizike SIM.<\/p>\n<p>Me {product_name}, mund t\u00eb aktivizoni internetin menj\u00ebher\u00eb p\u00ebrmes QR kodit dhe t\u00eb q\u00ebndroni gjithmon\u00eb t\u00eb lidhur gjat\u00eb udh\u00ebtimeve tuaja.<\/p>\n<p>P\u00ebrfitimet:<br \/>\n&#8211; Aktivizim i menj\u00ebhersh\u00ebm<br \/>\n&#8211; \u00c7mime t\u00eb p\u00ebrballueshme<br \/>\n&#8211; Mb\u00ebshtetje 4G \/ LTE \/ 5G<br \/>\n&#8211; Pa kart\u00eb fizike SIM<\/p>","protected":false},"excerpt":{"rendered":"<p>P\u00ebrdorni paketa eSIM p\u00ebr {category_name} dhe shijoni internet t\u00eb shpejt\u00eb dhe t\u00eb besuesh\u00ebm pa nevoj\u00eb p\u00ebr kart\u00eb fizike SIM. Me {product_name}, mund t\u00eb aktivizoni internetin menj\u00ebher\u00eb p\u00ebrmes QR kodit dhe t\u00eb q\u00ebndroni gjithmon\u00eb t\u00eb lidhur gjat\u00eb udh\u00ebtimeve tuaja. P\u00ebrfitimet: &#8211; Aktivizim i menj\u00ebhersh\u00ebm &#8211; \u00c7mime t\u00eb p\u00ebrballueshme &#8211; Mb\u00ebshtetje 4G \/ LTE \/ 5G &#8211; <\/p>","protected":false},"featured_media":2949,"comment_status":"open","ping_status":"closed","template":"","meta":{"_acf_changed":false,"_angie_page":false,"_monsterinsights_skip_tracking":false,"_monsterinsights_sitenote_active":false,"_monsterinsights_sitenote_note":"","_monsterinsights_sitenote_category":0},"product_brand":[203],"product_cat":[187],"product_tag":[],"class_list":{"0":"post-2948","1":"product","2":"type-product","3":"status-publish","4":"has-post-thumbnail","6":"product_brand-dataflyesim","7":"product_cat-balkans","9":"first","10":"instock","11":"shipping-taxable","12":"product-type-grouped"},"acf":[],"aioseo_notices":[],"_links":{"self":[{"href":"https:\/\/test.sampionbudva.me\/sr\/wp-json\/wp\/v2\/product\/2948","targetHints":{"allow":["GET"]}}],"collection":[{"href":"https:\/\/test.sampionbudva.me\/sr\/wp-json\/wp\/v2\/product"}],"about":[{"href":"https:\/\/test.sampionbudva.me\/sr\/wp-json\/wp\/v2\/types\/product"}],"replies":[{"embeddable":true,"href":"https:\/\/test.sampionbudva.me\/sr\/wp-json\/wp\/v2\/comments?post=2948"}],"wp:featuredmedia":[{"embeddable":true,"href":"https:\/\/test.sampionbudva.me\/sr\/wp-json\/wp\/v2\/media\/2949"}],"wp:attachment":[{"href":"https:\/\/test.sampionbudva.me\/sr\/wp-json\/wp\/v2\/media?parent=2948"}],"wp:term":[{"taxonomy":"product_brand","embeddable":true,"href":"https:\/\/test.sampionbudva.me\/sr\/wp-json\/wp\/v2\/product_brand?post=2948"},{"taxonomy":"product_cat","embeddable":true,"href":"https:\/\/test.sampionbudva.me\/sr\/wp-json\/wp\/v2\/product_cat?post=2948"},{"taxonomy":"product_tag","embeddable":true,"href":"https:\/\/test.sampionbudva.me\/sr\/wp-json\/wp\/v2\/product_tag?post=2948"}],"curies":[{"name":"wp","href":"https:\/\/api.w.org\/{rel}","templated":true}]}}