{"id":139,"date":"2024-03-10T04:51:52","date_gmt":"2024-03-10T04:51:52","guid":{"rendered":"https:\/\/themes.hibotheme.com\/norflo\/?page_id=139"},"modified":"2026-04-12T20:25:13","modified_gmt":"2026-04-12T17:25:13","slug":"rreth-nesh","status":"publish","type":"page","link":"https:\/\/test.sampionbudva.me\/sr\/rreth-nesh\/","title":{"rendered":"Rreth Nesh"},"content":{"rendered":"<div data-elementor-type=\"wp-page\" data-elementor-id=\"139\" class=\"elementor elementor-139\" data-elementor-post-type=\"page\">\n\t\t\t\t<div class=\"elementor-element elementor-element-def5017 e-con-full e-flex e-con e-parent\" data-id=\"def5017\" data-element_type=\"container\" data-e-type=\"container\">\n\t\t\t\t<div class=\"elementor-element elementor-element-1fbd7ba elementor-widget elementor-widget-WhoWeAre\" data-id=\"1fbd7ba\" data-element_type=\"widget\" data-e-type=\"widget\" data-widget_type=\"WhoWeAre.default\">\n\t\t\t\t<div class=\"elementor-widget-container\">\n\t\t\t\t\t\r\n                     <!-- Start Who We Are Area -->\r\n             <div class=\"who-we-area pt-100 overflow-hidden pb-100\">\r\n                <div class=\"container mw-1356\">\r\n                    <div class=\"row\" data-cues=\"zoomOut\">\r\n                        <div class=\"col-lg-6\">\r\n                            <div class=\"who-we-area-content\">\r\n                                                                    <span class=\"top-title\"> KUSH JEMI NE<\/span>\r\n                                                                <h2>\r\n                                    Jemi krenar\u00eb q\u00eb ofrojm\u00eb abonimet m\u00eb t\u00eb mira t\u00eb kartave ESIM                                <\/h2>\r\n                                                                    <p class=\"text-body\">Abonimet tona m\u00eb t\u00eb mira ESIM ofrojn\u00eb transmetim me cil\u00ebsi t\u00eb lart\u00eb, pa vonesa n\u00eb memorje ose vonesa. Mund t\u00eb lundroni leht\u00ebsisht n\u00ebp\u00ebr kanale duke p\u00ebrdorur nd\u00ebrfaqen ton\u00eb miq\u00ebsore p\u00ebr p\u00ebrdoruesit dhe t\u00eb shijoni nj\u00eb p\u00ebrvoj\u00eb t\u00eb p\u00ebrsosur.<\/p>\r\n                                \r\n                                <ul class=\"ps-0 list-unstyled we-are-list\">\r\n                                                                             \r\n                                            <li>\r\n                                                <i class=\"ti ti-circle-check\"><\/i>\r\n                                                <span class=\"text-secondary\">Lidhja e Rrjetit me Cil\u00ebsin\u00eb m\u00eb t\u00eb Lart\u00eb<\/span>\r\n                                            <\/li>\r\n                                                                                                                     \r\n                                            <li>\r\n                                                <i class=\"ti ti-circle-check\"><\/i>\r\n                                                <span class=\"text-secondary\">Internet i pakufizuar 5G<\/span>\r\n                                            <\/li>\r\n                                                                                                                     \r\n                                            <li>\r\n                                                <i class=\"ti ti-circle-check\"><\/i>\r\n                                                <span class=\"text-secondary\">Linja e Mb\u00ebshtetjes 24\/7<\/span>\r\n                                            <\/li>\r\n                                                                                                            <\/ul>\r\n                                <div class=\"d-flex align-items-center\">\r\n                                                                            <a href=\"https:\/\/test.sampionbudva.me\/sr\/vendet\/\" class=\"btn\"><span class=\"border-style\">Blej ESIM<\/span><\/a>\r\n                                                                        \r\n                                                                            <div class=\"google style-two\">\r\n                                            <img decoding=\"async\" src=\"https:\/\/themes.hibotheme.com\/norflo\/wp-content\/uploads\/2024\/03\/google.png\" alt=\"Images\">\r\n                                                    <div class=\"wp-gr wpac\" data-id=\"620\" data-layout=\"slider\" data-exec=\"false\"><div class=\"grw-row grw-row-m\" data-options='{\"speed\":5,\"autoplay\":\"1\"}'><div class=\"grw-header\"><div class=\"grw-header-inner\"><div class=\"wp-google-place\"><div class=\"wp-google-left\"><img decoding=\"async\" src=\"https:\/\/test.sampionbudva.me\/wp-content\/plugins\/widget-google-reviews\/assets\/img\/gmblogo.svg\" alt=\"IT Training 4U\" width=\"50\" height=\"50\" title=\"IT Training 4U\"><\/div><div class=\"wp-google-right\"><div class=\"wp-google-name\"><a href=\"\" target=\"_blank\" rel=\"nofollow noopener\"><span>IT Training 4U<\/span><\/a><\/div><div><span class=\"wp-google-rating\">0<\/span><span class=\"wp-google-stars\"><span class=\"wp-stars\"><span class=\"wp-star\"><svg width=\"17\" height=\"17\" viewbox=\"0 0 1792 1792\"><path d=\"M1201 1004l306-297-422-62-189-382-189 382-422 62 306 297-73 421 378-199 377 199zm527-357q0 22-26 48l-363 354 86 500q1 7 1 20 0 50-41 50-19 0-40-12l-449-236-449 236q-22 12-40 12-21 0-31.5-14.5t-10.5-35.5q0-6 2-20l86-500-364-354q-25-27-25-48 0-37 56-46l502-73 225-455q19-41 49-41t49 41l225 455 502 73q56 9 56 46z\" fill=\"#ccc\"><\/path><\/svg><\/span><span class=\"wp-star\"><svg width=\"17\" height=\"17\" viewbox=\"0 0 1792 1792\"><path d=\"M1201 1004l306-297-422-62-189-382-189 382-422 62 306 297-73 421 378-199 377 199zm527-357q0 22-26 48l-363 354 86 500q1 7 1 20 0 50-41 50-19 0-40-12l-449-236-449 236q-22 12-40 12-21 0-31.5-14.5t-10.5-35.5q0-6 2-20l86-500-364-354q-25-27-25-48 0-37 56-46l502-73 225-455q19-41 49-41t49 41l225 455 502 73q56 9 56 46z\" fill=\"#ccc\"><\/path><\/svg><\/span><span class=\"wp-star\"><svg width=\"17\" height=\"17\" viewbox=\"0 0 1792 1792\"><path d=\"M1201 1004l306-297-422-62-189-382-189 382-422 62 306 297-73 421 378-199 377 199zm527-357q0 22-26 48l-363 354 86 500q1 7 1 20 0 50-41 50-19 0-40-12l-449-236-449 236q-22 12-40 12-21 0-31.5-14.5t-10.5-35.5q0-6 2-20l86-500-364-354q-25-27-25-48 0-37 56-46l502-73 225-455q19-41 49-41t49 41l225 455 502 73q56 9 56 46z\" fill=\"#ccc\"><\/path><\/svg><\/span><span class=\"wp-star\"><svg width=\"17\" height=\"17\" viewbox=\"0 0 1792 1792\"><path d=\"M1201 1004l306-297-422-62-189-382-189 382-422 62 306 297-73 421 378-199 377 199zm527-357q0 22-26 48l-363 354 86 500q1 7 1 20 0 50-41 50-19 0-40-12l-449-236-449 236q-22 12-40 12-21 0-31.5-14.5t-10.5-35.5q0-6 2-20l86-500-364-354q-25-27-25-48 0-37 56-46l502-73 225-455q19-41 49-41t49 41l225 455 502 73q56 9 56 46z\" fill=\"#ccc\"><\/path><\/svg><\/span><span class=\"wp-star\"><svg width=\"17\" height=\"17\" viewbox=\"0 0 1792 1792\"><path d=\"M1201 1004l306-297-422-62-189-382-189 382-422 62 306 297-73 421 378-199 377 199zm527-357q0 22-26 48l-363 354 86 500q1 7 1 20 0 50-41 50-19 0-40-12l-449-236-449 236q-22 12-40 12-21 0-31.5-14.5t-10.5-35.5q0-6 2-20l86-500-364-354q-25-27-25-48 0-37 56-46l502-73 225-455q19-41 49-41t49 41l225 455 502 73q56 9 56 46z\" fill=\"#ccc\"><\/path><\/svg><\/span><\/span><\/span><\/div><div class=\"wp-google-powered\">Based on 0 reviews<\/div><div class=\"wp-google-powered\"><img decoding=\"async\" src=\"https:\/\/test.sampionbudva.me\/wp-content\/plugins\/widget-google-reviews\/assets\/img\/powered_by_google_on_white.png\" alt=\"powered by Google\" width=\"144\" height=\"18\" title=\"powered by Google\"><\/div><div class=\"wp-google-wr\"><a href=\"https:\/\/search.google.com\/local\/writereview?placeid=ChIJKanZODtVUDcRZCy8iwuDn2M\" onclick=\"return rplg_leave_review_window.call(this)\">review us on<svg viewbox=\"0 0 512 512\" height=\"18\" width=\"18\"><g fill=\"none\" fill-rule=\"evenodd\"><path d=\"M482.56 261.36c0-16.73-1.5-32.83-4.29-48.27H256v91.29h127.01c-5.47 29.5-22.1 54.49-47.09 71.23v59.21h76.27c44.63-41.09 70.37-101.59 70.37-173.46z\" fill=\"#4285f4\"\/><path d=\"M256 492c63.72 0 117.14-21.13 156.19-57.18l-76.27-59.21c-21.13 14.16-48.17 22.53-79.92 22.53-61.47 0-113.49-41.51-132.05-97.3H45.1v61.15c38.83 77.13 118.64 130.01 210.9 130.01z\" fill=\"#34a853\"\/><path d=\"M123.95 300.84c-4.72-14.16-7.4-29.29-7.4-44.84s2.68-30.68 7.4-44.84V150.01H45.1C29.12 181.87 20 217.92 20 256c0 38.08 9.12 74.13 25.1 105.99l78.85-61.15z\" fill=\"#fbbc05\"\/><path d=\"M256 113.86c34.65 0 65.76 11.91 90.22 35.29l67.69-67.69C373.03 43.39 319.61 20 256 20c-92.25 0-172.07 52.89-210.9 130.01l78.85 61.15c18.56-55.78 70.59-97.3 132.05-97.3z\" fill=\"#ea4335\"\/><path d=\"M20 20h472v472H20V20z\"\/><\/g><\/svg><\/a><\/div><\/div><\/div><\/div><\/div><\/div><img decoding=\"async\" src=\"data:image\/gif;base64,R0lGODlhAQABAIAAAAAAAP\/\/\/yH5BAEAAAAALAAAAAABAAEAAAIBRAA7\" alt=\"js_loader\" onload=\"(function(el, data) {var f = function() { window.grw_init ? grw_init(el, data) : setTimeout(f, 400) }; f() })(this, 'slider');\" width=\"1\" height=\"1\" style=\"display:none\"><\/div>                                                <\/div>\r\n                                                                    <\/div>\r\n                            <\/div>\r\n                        <\/div>\r\n                        <div class=\"col-lg-6\">\r\n                            <div class=\"who-we-img-wrap-two\">\r\n                                <div class=\"row align-items-end\">\r\n                                    <div class=\"col-lg-6 col-sm-6\">\r\n                                        <div class=\"who-we-1 who-we-img\">\r\n                                            <div class=\"row\">\r\n                                                                                                                                                                                                <\/div>\r\n                                                                                            <img decoding=\"async\" src=\"http:\/\/test.sampionbudva.me\/wp-content\/uploads\/2026\/04\/hero-esim-qr.webp\" alt=\"Images\">\r\n                                                                                    <\/div>\r\n                                    <\/div>\r\n                                                                            <div class=\"col-lg-6 col-sm-6\">\r\n                                            <div class=\"who-we-2 who-we-img\">\r\n                                                <img decoding=\"async\" src=\"http:\/\/test.sampionbudva.me\/wp-content\/uploads\/2026\/04\/unnamed-1.png\" alt=\"Images\">\r\n                                            <\/div>\r\n                                        <\/div>\r\n                                                                    <\/div>\r\n                            <\/div>\r\n                        <\/div>\r\n                    <\/div>\r\n                <\/div>\r\n            <\/div>\r\n            <!-- End Who We Are Area -->\r\n        \r\n        \t\t\t\t<\/div>\n\t\t\t\t<\/div>\n\t\t\t\t<\/div>\n\t\t<div class=\"elementor-element elementor-element-977491d e-con-full e-flex e-con e-parent\" data-id=\"977491d\" data-element_type=\"container\" data-e-type=\"container\">\n\t\t\t\t<div class=\"elementor-element elementor-element-f2a392d elementor-widget elementor-widget-HomePackages\" data-id=\"f2a392d\" data-element_type=\"widget\" data-e-type=\"widget\" data-widget_type=\"HomePackages.default\">\n\t\t\t\t<div class=\"elementor-widget-container\">\n\t\t\t\t\t\r\n        <!-- Start About Us Area -->\r\n        <div class=\"about-us-area pb-100\">\r\n            <div class=\"container\">\r\n                <div class=\"section-title mw-860\">\r\n                                            <span class=\"top-title\"> FUQIZIMI I JET\u00cbS S\u00cb P\u00cbRDITSHME<\/span>\r\n                                        <h2>\r\n                        B\u00ebj m\u00eb shum\u00eb nga ajo q\u00eb t\u00eb p\u00eblqen \u00e7do dit\u00eb                    <\/h2>\r\n                <\/div>\r\n                <div class=\"row align-items-center\">\r\n                    <div class=\"col-lg-6 col-xxl-7\">\r\n                                                    <div class=\"about-img\">\r\n                                                                    <img decoding=\"async\" src=\"https:\/\/themes.hibotheme.com\/norflo\/wp-content\/uploads\/2024\/03\/about.webp\" alt=\"Images\">\r\n                                                                                                    <div class=\"affordable\">\r\n                                        <h4>Paketa ESIM t\u00eb pakufizuara me \u00e7mime t\u00eb p\u00ebrballueshme duke filluar nga<\/h4>\r\n                                        <h2>\u20ac1.6<\/h2>\r\n                                    <\/div>\r\n                                                            <\/div>\r\n                                            <\/div>\r\n                    <div class=\"col-lg-6 col-xxl-5\">\r\n                        <div class=\"about-content\">\r\n                            <div class=\"accordion style-two\" id=\"accordionExample2\">\r\n                                                                    <div class=\"accordion-item\">\r\n                                        <h2 class=\"accordion-header\">\r\n                                            <button class=\"accordion-button pt-0\" type=\"button\" data-bs-toggle=\"collapse\" data-bs-target=\"#collapse1\" aria-expanded=\"true\" aria-controls=\"collapse1\">\r\n                                                Shijo lirin\u00eb t\u00ebnde                                            <\/button>\r\n                                        <\/h2>\r\n                                        <div id=\"collapse1\" class=\"accordion-collapse collapse  show\" data-bs-parent=\"#accordionExample2\">\r\n                                            <div class=\"accordion-body\">\r\n                                                <p>Internet i pakufizuar i disponuesh\u00ebm n\u00eb mbi 160 vende.<\/p>\r\n                                                <ul class=\"ps-0 list-unstyled about-list\">\r\n                                                                                                                                                                        <li class=\"d-flex align-items-center\">\r\n                                                                <i class=\"ti ti-circle-check\"><\/i>\r\n                                                                Connect several devices at once                                                            <\/li>\r\n                                                                                                                                                                                                                                <li class=\"d-flex align-items-center\">\r\n                                                                <i class=\"ti ti-circle-check\"><\/i>\r\n                                                                 Gig download speeds available everywhere                                                            <\/li>\r\n                                                                                                                                                                                                                                <li class=\"d-flex align-items-center\">\r\n                                                                <i class=\"ti ti-circle-check\"><\/i>\r\n                                                                 Wall-to-wall wifi connection                                                            <\/li>\r\n                                                                                                                                                            <\/ul>\r\n                                                \r\n                                                                                                    <a href=\"\/sr\/vendet\/\" class=\"btn\">\r\n                                                        <span class=\"border-style\">Blej ESIM<\/span>\r\n                                                    <\/a>\r\n                                                                                            <\/div>\r\n                                        <\/div>\r\n                                    <\/div>\r\n                                                            <\/div>\r\n                        <\/div>\r\n                    <\/div>\r\n                <\/div>\r\n            <\/div>\r\n        <\/div>\r\n        <!-- End About Us Area -->\r\n\r\n        \t\t\t\t<\/div>\n\t\t\t\t<\/div>\n\t\t\t\t<\/div>\n\t\t\t\t<\/div>","protected":false},"excerpt":{"rendered":"<p>KUSH JEMI NE Jemi krenar\u00eb q\u00eb ofrojm\u00eb abonimet m\u00eb t\u00eb mira t\u00eb kartave ESIM Abonimet tona m\u00eb t\u00eb mira ESIM ofrojn\u00eb transmetim me cil\u00ebsi t\u00eb lart\u00eb, pa vonesa n\u00eb memorje ose vonesa. Mund t\u00eb lundroni leht\u00ebsisht n\u00ebp\u00ebr kanale duke p\u00ebrdorur nd\u00ebrfaqen ton\u00eb miq\u00ebsore p\u00ebr p\u00ebrdoruesit dhe t\u00eb shijoni nj\u00eb p\u00ebrvoj\u00eb t\u00eb p\u00ebrsosur. Lidhja e Rrjetit <\/p>","protected":false},"author":1,"featured_media":0,"parent":0,"menu_order":0,"comment_status":"closed","ping_status":"closed","template":"","meta":{"_acf_changed":false,"_angie_page":false,"_monsterinsights_skip_tracking":false,"_monsterinsights_sitenote_active":false,"_monsterinsights_sitenote_note":"","_monsterinsights_sitenote_category":0,"footnotes":""},"class_list":["post-139","page","type-page","status-publish","hentry"],"acf":[],"aioseo_notices":[],"_links":{"self":[{"href":"https:\/\/test.sampionbudva.me\/sr\/wp-json\/wp\/v2\/pages\/139","targetHints":{"allow":["GET"]}}],"collection":[{"href":"https:\/\/test.sampionbudva.me\/sr\/wp-json\/wp\/v2\/pages"}],"about":[{"href":"https:\/\/test.sampionbudva.me\/sr\/wp-json\/wp\/v2\/types\/page"}],"author":[{"embeddable":true,"href":"https:\/\/test.sampionbudva.me\/sr\/wp-json\/wp\/v2\/users\/1"}],"replies":[{"embeddable":true,"href":"https:\/\/test.sampionbudva.me\/sr\/wp-json\/wp\/v2\/comments?post=139"}],"version-history":[{"count":6,"href":"https:\/\/test.sampionbudva.me\/sr\/wp-json\/wp\/v2\/pages\/139\/revisions"}],"predecessor-version":[{"id":4832,"href":"https:\/\/test.sampionbudva.me\/sr\/wp-json\/wp\/v2\/pages\/139\/revisions\/4832"}],"wp:attachment":[{"href":"https:\/\/test.sampionbudva.me\/sr\/wp-json\/wp\/v2\/media?parent=139"}],"curies":[{"name":"wp","href":"https:\/\/api.w.org\/{rel}","templated":true}]}}