{"id":3809,"date":"2026-04-09T16:07:10","date_gmt":"2026-04-09T13:07:10","guid":{"rendered":"https:\/\/test.sampionbudva.me\/urun\/middle-east-5gb-15-days\/"},"modified":"2026-04-11T03:06:34","modified_gmt":"2026-04-11T00:06:34","slug":"middle-east-5gb-15-days","status":"publish","type":"product","link":"https:\/\/test.sampionbudva.me\/en\/esim\/middle-east-5gb-15-days\/","title":{"rendered":"MIDDLE EAST 5GB 15 Days"},"content":{"rendered":"<p>Internet i shpejt\u00eb eSIM p\u00ebr {category_name}. Aktivizim i menj\u00ebhersh\u00ebm dhe p\u00ebrdorim i leht\u00eb.<\/p>","protected":false},"excerpt":{"rendered":"<p>Internet i shpejt\u00eb eSIM p\u00ebr {category_name}. Aktivizim i menj\u00ebhersh\u00ebm dhe p\u00ebrdorim i leht\u00eb.<\/p>","protected":false},"featured_media":3805,"comment_status":"open","ping_status":"closed","template":"","meta":{"_acf_changed":false,"_angie_page":false,"_monsterinsights_skip_tracking":false,"_monsterinsights_sitenote_active":false,"_monsterinsights_sitenote_note":"","_monsterinsights_sitenote_category":0},"product_brand":[203],"product_cat":[111],"product_tag":[],"class_list":{"0":"post-3809","1":"product","2":"type-product","3":"status-publish","4":"has-post-thumbnail","6":"product_brand-dataflyesim","7":"product_cat-middle-east","9":"first","10":"instock","11":"downloadable","12":"virtual","13":"purchasable","14":"product-type-simple"},"acf":[],"aioseo_notices":[],"_links":{"self":[{"href":"https:\/\/test.sampionbudva.me\/en\/wp-json\/wp\/v2\/product\/3809","targetHints":{"allow":["GET"]}}],"collection":[{"href":"https:\/\/test.sampionbudva.me\/en\/wp-json\/wp\/v2\/product"}],"about":[{"href":"https:\/\/test.sampionbudva.me\/en\/wp-json\/wp\/v2\/types\/product"}],"replies":[{"embeddable":true,"href":"https:\/\/test.sampionbudva.me\/en\/wp-json\/wp\/v2\/comments?post=3809"}],"wp:featuredmedia":[{"embeddable":true,"href":"https:\/\/test.sampionbudva.me\/en\/wp-json\/wp\/v2\/media\/3805"}],"wp:attachment":[{"href":"https:\/\/test.sampionbudva.me\/en\/wp-json\/wp\/v2\/media?parent=3809"}],"wp:term":[{"taxonomy":"product_brand","embeddable":true,"href":"https:\/\/test.sampionbudva.me\/en\/wp-json\/wp\/v2\/product_brand?post=3809"},{"taxonomy":"product_cat","embeddable":true,"href":"https:\/\/test.sampionbudva.me\/en\/wp-json\/wp\/v2\/product_cat?post=3809"},{"taxonomy":"product_tag","embeddable":true,"href":"https:\/\/test.sampionbudva.me\/en\/wp-json\/wp\/v2\/product_tag?post=3809"}],"curies":[{"name":"wp","href":"https:\/\/api.w.org\/{rel}","templated":true}]}}